{"id":205,"date":"2021-08-03T18:26:40","date_gmt":"2021-08-03T18:26:40","guid":{"rendered":"https:\/\/js-steuerberatung.at\/ru\/?page_id=205"},"modified":"2022-07-14T14:38:02","modified_gmt":"2022-07-14T14:38:02","slug":"impressum","status":"publish","type":"page","link":"https:\/\/js-steuerberatung.at\/ru\/impressum\/","title":{"rendered":"\u0418\u043c\u043f\u0440\u0435\u0441\u0441\u0443\u043c"},"content":{"rendered":"\n[et_pb_section fb_built=&#8221;1&#8243; _builder_version=&#8221;4.16&#8243; _module_preset=&#8221;default&#8221; background_color=&#8221;#f9f6f2&#8243; custom_padding=&#8221;||5px|||&#8221; global_colors_info=&#8221;{}&#8221;][et_pb_row _builder_version=&#8221;4.16&#8243; _module_preset=&#8221;default&#8221; custom_padding=&#8221;0px||||false|false&#8221; global_colors_info=&#8221;{}&#8221;][et_pb_column type=&#8221;4_4&#8243; _builder_version=&#8221;4.16&#8243; _module_preset=&#8221;default&#8221; global_colors_info=&#8221;{}&#8221;][et_pb_text _builder_version=&#8221;4.17.4&#8243; _module_preset=&#8221;default&#8221; hover_enabled=&#8221;0&#8243; inline_fonts=&#8221;Times New Roman&#8221; global_colors_info=&#8221;{}&#8221; sticky_enabled=&#8221;0&#8243;]<h1 style=\"font-family: 'Times New Roman';font-weight: normal;font-size: 24pt;color: #417b61\">Impressum und Haftung<\/h1>\n\n<strong>Firmawortlaut:\n<\/strong>Julius Schlosman Steuerberatungs GmbH\nSieveringer Stra\u00dfe 47\/1, 1190\u00a0Wien, \u00d6sterreich\nTelefon: +43 1 3888080\nE-Mail: <span><a href=\"mailto:office@js-steuerberatung.at\">office@js-steuerberatung.at<\/a><\/span>\nWebadresse: <a href=\"https:\/\/js-steuerberatung.at\/ru\">https:\/\/js-steuerberatung.at\/ru<\/a>\n\n<strong>Gesch\u00e4ftsf\u00fchrer<\/strong>\nJulius Schlosman, EMBA\n\n<strong>Rechtsform<\/strong>\nGesellschaft mit beschr\u00e4nkter Haftung\n\n<strong>Firmenbuch-Nummer<\/strong>\n454085y\n\n<strong>Firmenbuch-Gericht<\/strong>\nHandelsgericht Wien\n\n<strong>Umsatzsteuer-Identifikationsnummer<\/strong>\nATU71119979\n\n<strong>Allgemeine Auftragsbedingungen<\/strong>\nUm die PDF-Datei \u00f6ffnen zu k\u00f6nnen, nutzen Sie bitte den kostenlosen\u00a0<a href=\"http:\/\/www.adobe.com\/de\/reader\">Adobe Reader<\/a>.\nDownloadlink: <a href=\"https:\/\/www.ksw.or.at\/PortalData\/1\/Resources\/aab\/AAB_2018_de.pdf\">Allgemeine Auftragsbedingungen f\u00fcr Wirtschaftstreuhandberufe<\/a>\n\n&nbsp;\n\n<strong>Aufsichtsbeh\u00f6rde<\/strong>:\nKammer der Steuerberater und Wirtschaftspr\u00fcfer\nAm Belvedere 10\/Top 4\n1100 Wien\n\u00d6sterreich\n\nTelefon: <a href=\"tel:+431811730\">+43 (1) 811 73-0<\/a>\nFax: +43 (1) 811 73-100\nE-Mail: <a href=\"mailto:office@ksw.or.at\">office@ksw.or.at<\/a>\nWeb: <a href=\"http:\/\/www.ksw.or.at\">www.ksw.or.at<\/a>\n\n<strong>Berufsrecht:<\/strong>\n<a href=\"https:\/\/www.ris.bka.gv.at\/GeltendeFassung.wxe?Abfrage=Bundesnormen&amp;Gesetzesnummer=20009983\">Wirtschaftstreuhandberufsgesetzt 2017<\/a>\n\n<strong>Berufsbezeichnung:\n<\/strong>Steuerberatungsgesellschaft\n\n<strong>Beteiligungsverh\u00e4ltnisse:<\/strong>\nJulius Schlosman, EMBA (100%)\n\n<strong>Haftungsausschluss \/ \u00a75 ECG\n<\/strong>Der Autor dieser Webseiten ist bestrebt, die hier angebotenen Informationen nach bestem Wissen und Gewissen vollst\u00e4ndig und richtig darzustellen und aktuell zu halten. Dennoch kann er keinerlei Haftung f\u00fcr Sch\u00e4den \u00fcbernehmen, die sich aus der Nutzung der angebotenen Informationen ergeben k\u00f6nnen \u2013 auch wenn diese auf die Nutzung von allenfalls unvollst\u00e4ndigen bzw. fehlerhaften Informationen zur\u00fcckzuf\u00fchren sind.\n\nVerweise auf fremde Webseiten liegen au\u00dferhalb des Verantwortungsbereiches des Autors. Eine Haftung f\u00fcr die Inhalte von verlinkten Seiten ist ausgeschlossen, zumal der Autor keinen Einfluss auf Inhalte wie Gestaltung von gelinkten Seiten hat. F\u00fcr Inhalte von Seiten, auf welche von Seiten dieser Webseiten verwiesen wird, haftet somit allein der Anbieter dieser fremden Webseiten \u2013 niemals jedoch derjenige, der durch einen Link auf fremde Publikationen und Inhalte verweist. Sollten gelinkte Seiten (insbesondere durch Ver\u00e4nderung der Inhalte nach dem Setzen des Links) illegale, fehlerhafte, unvollst\u00e4ndige, beleidigende oder sittenwidrige Informationen beinhalten und wird der Autor dieser Seite auf derartige Inhalte von gelinkten Seiten aufmerksam (gemacht), so wird er einen Link auf derartige Seiten unverz\u00fcglich unterbinden.\n\n<strong>Urheberrecht\n<\/strong>Die vom Autor selbst erstellten Inhalte (Texte und Bilder) dieser Seiten sind urheberrechtlich gesch\u00fctzt. Die Informationen sind nur f\u00fcr die pers\u00f6nliche Verwendung bestimmt. Jede den Bestimmungen des Urheberrechtsgesetzes widersprechende Verwendung jeglicher Inhalte dieser Webseiten \u2013 insbesondere die weitergehende Nutzung wie beispielsweise die Ver\u00f6ffentlichung, Vervielf\u00e4ltigung und jede Form von gewerblicher Nutzung sowie die Weitergabe an Dritte \u2013 auch in Teilen oder in \u00fcberarbeiteter Form \u2013 ohne ausdr\u00fcckliche Zustimmung des Autors ist untersagt.\n\n<strong>Informationsinhalt<\/strong>\nDie Informationen dieser Webseiten k\u00f6nnen ohne vorherige Ank\u00fcndigung ge\u00e4ndert, entfernt oder erg\u00e4nzt werden. Der Autor kann daher keine Garantie f\u00fcr die Korrektheit, Vollst\u00e4ndigkeit, Qualit\u00e4t oder Aktualit\u00e4t der bereitgestellten Informationen geben.\n\n<strong>Rechtswirksamkeit<\/strong>\nDurch Nutzung dieser Webseiten unterliegt der Nutzer den gegenst\u00e4ndlichen Nutzungsbedingungen. Diese sind Teil des WWW-Angebotes. Sofern Teile oder einzelne Formulierungen der Nutzungsbedingungen der geltenden Rechtslage nicht, nicht mehr oder nicht vollst\u00e4ndig entsprechen sollten, bleiben die \u00fcbrigen Teile der Nutzungsbedingungen in ihrem Inhalt und ihrer G\u00fcltigkeit davon unber\u00fchrt.\n\n<strong>Datenschutzerkl\u00e4rung<\/strong>\nDer Schutz Ihrer pers\u00f6nlichen Daten ist uns ein besonderes Anliegen. Wir verarbeiten Ihre Daten daher ausschlie\u00dflich auf Grundlage der gesetzlichen Bestimmungen (DSGVO, TKG 2003). In diesen Datenschutzinformationen informieren wir Sie \u00fcber die wichtigsten Aspekte der Datenverarbeitung im Rahmen unserer Website.\n\n<strong>Allgemeine Erfassung bei Zugriffen<\/strong>\nWir erfassen mit jedem Aufruf der Internetseite durch eine betroffene Person oder ein automatisiertes System eine Reihe von allgemeinen Daten und Informationen. Diese allgemeinen Daten und Informationen werden in den Logfiles des Servers gespeichert. Erfasst werden:\n<ul>\n\t<li>eine Internet-Protokoll-Adresse (IP-Adresse),<\/li>\n\t<li>das Datum und die Uhrzeit des Zugriffs auf die Internetseite,<\/li>\n\t<li>die genaue Unterseite, die auf unserer Internetseite angesteuert wurde,<\/li>\n\t<li>die Internetseite, von welcher Sie auf unsere Internetseite gelangt sind (sogenannte Referer),<\/li>\n\t<li>der verwendete Browser und dessen Version,<\/li>\n\t<li>und das f\u00fcr den Zugriff verwendete Betriebssystem.<\/li>\n<\/ul>\nDie genannten Daten werden durch uns zu folgenden Zwecken verarbeitet:\n<ul>\n\t<li>um einen reibungslosen Verbindungsaufbau der Internetseite zu gew\u00e4hrleisten,<\/li>\n\t<li>um Inhalte unserer Internetseite f\u00fcr Sie zu optimieren,<\/li>\n\t<li>und um die Systemsicherheit und Stabilit\u00e4t zu gew\u00e4hrleisten.<\/li>\n<\/ul>\nDiese Punkte liegen in Ihrem und unserem berechtigten Interesse. Daneben verwenden wir diese Daten gegebenenfalls auch, um unseren rechtlichen Verpflichtungen in der Zusammenarbeit mit Strafverfolgungsbeh\u00f6rden nachzukommen. In keinem Fall verwenden wir die erhobenen Daten zu dem Zweck, R\u00fcckschl\u00fcsse auf Ihre Person zu ziehen. Die Rechtsgrundlage f\u00fcr die Datenverarbeitung ist Artikel\u00a06\u00a0Abs.\u00a01\u00a0lit.\u00a0f DSGVO. Die Speicherdauer dieser Logfiles betr\u00e4gt 2 Monate.\n\n<strong>Google Maps<\/strong>\nDiese Seite nutzt \u00fcber eine API den Kartendienst Google Maps. Anbieter ist die Google Ireland Limited, Gordon House, Barrow Street, Dublin 4, Irland. Zur Nutzung der Funktionen von Google Maps ist es notwendig, Ihre IP Adresse zu speichern. Diese Informationen werden in der Regel an einen Server von Google in den USA \u00fcbertragen und dort gespeichert. Der Anbieter dieser Seite hat keinen Einfluss auf diese Daten\u00fcbertragung. Die Nutzung von Google Maps erfolgt im Interesse einer ansprechenden Darstellung unserer Online-Angebote und an einer leichten Auffindbarkeit der von uns auf der Website angegebenen Orte. Dies stellt ein berechtigtes Interesse im Sinne von Art. 6 Abs. 1 lit. f DSGVO dar.\n\nMehr Informationen zum Umgang mit Nutzerdaten finden Sie in der Datenschutzerkl\u00e4rung von Google:\u00a0<a href=\"https:\/\/policies.google.com\/privacy?hl=de\">policies.google.com\/privacy?hl=de<\/a>.\n\n<strong>Kontaktformular<\/strong>\nWenn Sie per Formular auf der Website oder per E-Mail Kontakt mit uns aufnehmen, oder sich bewerben, speichern wir die von Ihnen mitgeteilten, sowie die oben beschriebenen allgemeinen Daten. Durch das Ben\u00fctzen unseres Formulars willigen Sie in die Verarbeitung Ihrer Daten ein. Wir geben die Daten nicht an Dritte weiter und verwenden die Daten ausschlie\u00dflich zur Bearbeitung der Kontaktaufnahme und zur Beantwortung der jeweiligen Anfrage. Im Falle einer Kontaktaufnahme per E-Mail liegt in der Bearbeitung der Kontaktaufnahme zugleich das erforderliche berechtigte Interesse an der Verarbeitung der Daten. Rechtsgrundlage f\u00fcr die Verarbeitung der Daten ist bei Vorliegen einer Einwilligung des Nutzers Artikel\u00a06\u00a0Abs.\u00a01\u00a0lit.\u00a0a\u00a0DSGVO. Rechtsgrundlage f\u00fcr die Verarbeitung der Daten, die im Rahmen der \u00dcbersendung einer E-Mail \u00fcbermittelt werden, ist Artikel\u00a06\u00a0Abs.\u00a01 lit.\u00a0f DSGVO. Die uns im Zuge der Kontaktaufnahme \u00fcbermittelten Daten werden gel\u00f6scht, sobald sie f\u00fcr die Erreichung des vorgenannten Zwecks nicht mehr ben\u00f6tigt werden. Soweit es die personenbezogenen Daten aus dem Kontaktformular und die per E-Mail \u00fcbersandten Daten angeht, ist dies der Fall, sobald die jeweilige Konversation beendet ist. Das wiederum ist der Fall, sobald der Sachverhalt den Umst\u00e4nden nach abschlie\u00dfend gekl\u00e4rt ist. Soweit die Kontaktaufnahme auch auf den Abschluss eines Vertrages abzielt, ist weitere Rechtsgrundlage Artikel\u00a06\u00a0Abs.\u00a01\u00a0lit.\u00a0b\u00a0DSGVO. In diesem Fall bewahren wir Ihre Anfrage als Gesch\u00e4ftsbrief 7 Jahre auf.\n\n<strong>Ihre Rechte<\/strong>\nIhnen stehen grunds\u00e4tzlich die Rechte auf Auskunft, Berichtigung oder L\u00f6schung, Einschr\u00e4nkung der Verarbeitung, Daten\u00fcbertragbarkeit, Widerruf und Widerspruch gegen die Verarbeitung zu. Wenn Sie glauben, dass die Verarbeitung Ihrer Daten gegen das Datenschutzrecht verst\u00f6\u00dft oder Ihre datenschutzrechtlichen Anspr\u00fcche sonst in einer Weise verletzt worden sind, k\u00f6nnen Sie sich bei der Aufsichtsbeh\u00f6rde beschweren. In \u00d6sterreich ist dies die Datenschutzbeh\u00f6rde.\nWeitere Informationen zu Ihren Rechten finden Sie u.a. auf der\u00a0<a href=\"https:\/\/www.wko.at\/service\/wirtschaftsrecht-gewerberecht\/EU-Datenschutz-Grundverordnung:-Betroffenenrechte.html\">Webseite der Wirtschaftskammer \u00d6sterreich<\/a>.\n\n<strong>Cookies<\/strong>\nUm Ihnen eine bessere Nutzung unserer Website zu erm\u00f6glichen, setzen wir die als \u201eCookies\u201c bekannten kleinen Textdateien und andere Verfahren (&#8220;Speicherverfahren&#8221;) zur Speicherung von Daten auf Ihrem Endger\u00e4t (z.B. im Local Storage Ihres Browsers) ein, um Pr\u00e4ferenzen der Nutzer zu verfolgen und unsere Website entsprechend optimal gestalten zu k\u00f6nnen. Wir verwenden Cookies und andere Speicherverfahren jedoch nicht, um die einzelnen Besuche unserer Website zu verfolgen. Cookies und andere Speicherverfahren werden heute von den meisten Websites routinem\u00e4\u00dfig eingesetzt. Sollten Sie in dieser Hinsicht dennoch Bedenken haben, k\u00f6nnen Sie Ihren Browser so einstellen, dass er weder Cookies noch andere Speicherverfahren akzeptiert.[\/et_pb_text][\/et_pb_column][\/et_pb_row][\/et_pb_section][et_pb_section fb_built=&#8221;1&#8243; disabled_on=&#8221;on|on|off&#8221; _builder_version=&#8221;4.11.2&#8243; _module_preset=&#8221;default&#8221; background_color=&#8221;#25355b&#8221; custom_padding=&#8221;1px||0px|||&#8221; global_module=&#8221;518&#8243; saved_tabs=&#8221;all&#8221; global_colors_info=&#8221;{}&#8221;][et_pb_row column_structure=&#8221;1_3,2_3&#8243; _builder_version=&#8221;4.16&#8243; _module_preset=&#8221;default&#8221; global_colors_info=&#8221;{}&#8221;][et_pb_column type=&#8221;1_3&#8243; _builder_version=&#8221;4.16&#8243; _module_preset=&#8221;default&#8221; global_colors_info=&#8221;{}&#8221;][et_pb_text _builder_version=&#8221;4.16&#8243; _module_preset=&#8221;default&#8221; custom_margin=&#8221;||10px|||&#8221; global_colors_info=&#8221;{}&#8221;]<span style=\"font-family: 'Times New Roman';font-weight: normal;font-size: 18pt;color: #8badd0\">\u041a\u043e\u043d\u0442\u0430\u043a\u0442<\/span><br \/>\n<a href=\"https:\/\/goo.gl\/maps\/BRnZKfCXDRNyYAXz6\" title=\"\u041a\u0430\u043a \u0434\u043e\u0431\u0440\u0430\u0442\u044c\u0441\u044f\"><span style=\"color: #8badd0\">Sieveringer Stra\u00dfe 47, 1190 Wien<\/span><\/a><br \/>\n<span style=\"color: #ffffff\">\u0422\u0435\u043b\u0435\u0444\u043e\u043d: <span style=\"color: #8badd0\"><a href=\"tel:+4313888080\" style=\"color: #8badd0\">+43-1-388 80 80<\/a><\/span><br \/>\n<span style=\"color: #ffffff\">E-mail: <span style=\"color: #8badd0\"><a href=\"mailto:office@js-steuerberatung.at\" style=\"color: #8badd0\">office@js-steuerberatung.at<\/a><\/span><\/span><\/span><\/p>\n<p><span style=\"color: #ffffff\"><strong>\u0427\u0430\u0441\u044b \u0440\u0430\u0431\u043e\u0442\u044b:<\/strong><\/span><br \/>\n<span style=\"color: #ffffff\">\u041f\u043d. \u2013 \u043f\u0442. \u0441 8:30 \u0434\u043e 14:00<\/span><br \/>\n<span style=\"color: #ffffff\">\u0438\u043b\u0438 \u043f\u043e \u0434\u043e\u0433\u043e\u0432\u043e\u0440\u0435\u043d\u043d\u043e\u0441\u0442\u0438<\/span>[\/et_pb_text][\/et_pb_column][et_pb_column type=&#8221;2_3&#8243; _builder_version=&#8221;4.16&#8243; _module_preset=&#8221;default&#8221; global_colors_info=&#8221;{}&#8221;][et_pb_text _builder_version=&#8221;4.16&#8243; _module_preset=&#8221;default&#8221; custom_margin=&#8221;||6px|||&#8221; global_colors_info=&#8221;{}&#8221;]<p><span style=\"font-family: 'Times New Roman';font-weight: normal;font-size: 18pt;color: #8badd0\">\u041e\u043d\u043b\u0430\u0439\u043d-\u043a\u043e\u043d\u0441\u0443\u043b\u044c\u0442\u0430\u0446\u0438\u0438<br \/><\/span><\/p>\n<p><span style=\"color: #ffffff\">\u0414\u043b\u044f \u043b\u0438\u0447\u043d\u043e\u0439 \u043e\u043d\u043b\u0430\u0439\u043d-\u043a\u043e\u043d\u0441\u0443\u043b\u044c\u0442\u0430\u0446\u0438\u0438 \u0432\u044b\u0431\u0435\u0440\u0435\u0442\u0435 \u0443\u0434\u043e\u0431\u043d\u043e\u0435 \u0434\u043b\u044f \u0432\u0430\u0441 \u0432\u0440\u0435\u043c\u044f \u0432 \u043d\u0430\u0448\u0435\u043c \u044d\u043b\u0435\u043a\u0442\u0440\u043e\u043d\u043d\u043e\u043c \u043a\u0430\u043b\u0435\u043d\u0434\u0430\u0440\u0435.<\/span><\/p>[\/et_pb_text][et_pb_button button_url=&#8221;https:\/\/js-steuerberatung.at\/ru\/online-konsultatsii\/&#8221; button_text=&#8221;\u043f\u043e\u0434\u0440\u043e\u0431\u043d\u0435\u0435&#8221; button_alignment=&#8221;left&#8221; _builder_version=&#8221;4.16&#8243; _module_preset=&#8221;default&#8221; custom_button=&#8221;on&#8221; button_text_size=&#8221;12pt&#8221; button_text_color=&#8221;#FFFFFF&#8221; button_bg_color=&#8221;#8badd0&#8243; button_border_width=&#8221;1pt&#8221; global_colors_info=&#8221;{}&#8221;][\/et_pb_button][\/et_pb_column][\/et_pb_row][\/et_pb_section]\n","protected":false},"excerpt":{"rendered":"<p>Impressum und Haftung Firmawortlaut: Julius Schlosman Steuerberatungs GmbH Sieveringer Stra\u00dfe 47\/1, 1190\u00a0Wien, \u00d6sterreich Telefon: +43 1 3888080 E-Mail: office@js-steuerberatung.at Webadresse: https:\/\/js-steuerberatung.at\/ru Gesch\u00e4ftsf\u00fchrer Julius Schlosman, EMBA Rechtsform Gesellschaft mit beschr\u00e4nkter Haftung Firmenbuch-Nummer 454085y Firmenbuch-Gericht Handelsgericht Wien Umsatzsteuer-Identifikationsnummer ATU71119979 Allgemeine Auftragsbedingungen Um die PDF-Datei \u00f6ffnen zu k\u00f6nnen, nutzen Sie bitte den kostenlosen\u00a0Adobe Reader. Downloadlink: Allgemeine Auftragsbedingungen f\u00fcr [&hellip;]<\/p>\n","protected":false},"author":2,"featured_media":0,"parent":0,"menu_order":0,"comment_status":"closed","ping_status":"closed","template":"","meta":{"_et_pb_use_builder":"on","_et_pb_old_content":"","_et_gb_content_width":"","footnotes":""},"class_list":["post-205","page","type-page","status-publish","hentry"],"yoast_head":"<!-- This site is optimized with the Yoast SEO plugin v27.3 - https:\/\/yoast.com\/product\/yoast-seo-wordpress\/ -->\n<title>\u0418\u043c\u043f\u0440\u0435\u0441\u0441\u0443\u043c - \u041d\u0430\u043b\u043e\u0433\u043e\u0432\u044b\u0439 \u0421\u043e\u0432\u0435\u0442\u043d\u0438\u043a \u042e\u043b\u0438\u0443\u0441 \u0428\u043b\u043e\u0441\u043c\u0430\u043d<\/title>\n<meta name=\"description\" content=\"\u0418\u043c\u043f\u0440\u0435\u0441\u0441\u0443\u043c.\" \/>\n<meta name=\"robots\" content=\"index, follow, max-snippet:-1, max-image-preview:large, max-video-preview:-1\" \/>\n<link rel=\"canonical\" href=\"https:\/\/js-steuerberatung.at\/ru\/impressum\/\" \/>\n<meta property=\"og:locale\" content=\"en_US\" \/>\n<meta property=\"og:type\" content=\"article\" \/>\n<meta property=\"og:title\" content=\"\u0418\u043c\u043f\u0440\u0435\u0441\u0441\u0443\u043c - \u041d\u0430\u043b\u043e\u0433\u043e\u0432\u044b\u0439 \u0421\u043e\u0432\u0435\u0442\u043d\u0438\u043a \u042e\u043b\u0438\u0443\u0441 \u0428\u043b\u043e\u0441\u043c\u0430\u043d\" \/>\n<meta property=\"og:description\" content=\"\u0418\u043c\u043f\u0440\u0435\u0441\u0441\u0443\u043c.\" \/>\n<meta property=\"og:url\" content=\"https:\/\/js-steuerberatung.at\/ru\/impressum\/\" \/>\n<meta property=\"og:site_name\" content=\"\u041d\u0430\u043b\u043e\u0433\u043e\u0432\u044b\u0439 \u0421\u043e\u0432\u0435\u0442\u043d\u0438\u043a \u042e\u043b\u0438\u0443\u0441 \u0428\u043b\u043e\u0441\u043c\u0430\u043d\" \/>\n<meta property=\"article:modified_time\" content=\"2022-07-14T14:38:02+00:00\" \/>\n<meta name=\"twitter:card\" content=\"summary_large_image\" \/>\n<meta name=\"twitter:label1\" content=\"Est. reading time\" \/>\n\t<meta name=\"twitter:data1\" content=\"6 minutes\" \/>\n<script type=\"application\/ld+json\" class=\"yoast-schema-graph\">{\"@context\":\"https:\\\/\\\/schema.org\",\"@graph\":[{\"@type\":\"WebPage\",\"@id\":\"https:\\\/\\\/js-steuerberatung.at\\\/ru\\\/impressum\\\/\",\"url\":\"https:\\\/\\\/js-steuerberatung.at\\\/ru\\\/impressum\\\/\",\"name\":\"\u0418\u043c\u043f\u0440\u0435\u0441\u0441\u0443\u043c - \u041d\u0430\u043b\u043e\u0433\u043e\u0432\u044b\u0439 \u0421\u043e\u0432\u0435\u0442\u043d\u0438\u043a \u042e\u043b\u0438\u0443\u0441 \u0428\u043b\u043e\u0441\u043c\u0430\u043d\",\"isPartOf\":{\"@id\":\"https:\\\/\\\/js-steuerberatung.at\\\/ru\\\/#website\"},\"datePublished\":\"2021-08-03T18:26:40+00:00\",\"dateModified\":\"2022-07-14T14:38:02+00:00\",\"description\":\"\u0418\u043c\u043f\u0440\u0435\u0441\u0441\u0443\u043c.\",\"breadcrumb\":{\"@id\":\"https:\\\/\\\/js-steuerberatung.at\\\/ru\\\/impressum\\\/#breadcrumb\"},\"inLanguage\":\"en-US\",\"potentialAction\":[{\"@type\":\"ReadAction\",\"target\":[\"https:\\\/\\\/js-steuerberatung.at\\\/ru\\\/impressum\\\/\"]}]},{\"@type\":\"BreadcrumbList\",\"@id\":\"https:\\\/\\\/js-steuerberatung.at\\\/ru\\\/impressum\\\/#breadcrumb\",\"itemListElement\":[{\"@type\":\"ListItem\",\"position\":1,\"name\":\"Home\",\"item\":\"https:\\\/\\\/js-steuerberatung.at\\\/ru\\\/\"},{\"@type\":\"ListItem\",\"position\":2,\"name\":\"\u0418\u043c\u043f\u0440\u0435\u0441\u0441\u0443\u043c\"}]},{\"@type\":\"WebSite\",\"@id\":\"https:\\\/\\\/js-steuerberatung.at\\\/ru\\\/#website\",\"url\":\"https:\\\/\\\/js-steuerberatung.at\\\/ru\\\/\",\"name\":\"\u041d\u0430\u043b\u043e\u0433\u043e\u0432\u044b\u0439 \u0421\u043e\u0432\u0435\u0442\u043d\u0438\u043a \u042e\u043b\u0438\u0443\u0441 \u0428\u043b\u043e\u0441\u043c\u0430\u043d\",\"description\":\"Ihr Erfolg ist unsere Motivation\",\"potentialAction\":[{\"@type\":\"SearchAction\",\"target\":{\"@type\":\"EntryPoint\",\"urlTemplate\":\"https:\\\/\\\/js-steuerberatung.at\\\/ru\\\/?s={search_term_string}\"},\"query-input\":{\"@type\":\"PropertyValueSpecification\",\"valueRequired\":true,\"valueName\":\"search_term_string\"}}],\"inLanguage\":\"en-US\"}]}<\/script>\n<!-- \/ Yoast SEO plugin. -->","yoast_head_json":{"title":"\u0418\u043c\u043f\u0440\u0435\u0441\u0441\u0443\u043c - \u041d\u0430\u043b\u043e\u0433\u043e\u0432\u044b\u0439 \u0421\u043e\u0432\u0435\u0442\u043d\u0438\u043a \u042e\u043b\u0438\u0443\u0441 \u0428\u043b\u043e\u0441\u043c\u0430\u043d","description":"\u0418\u043c\u043f\u0440\u0435\u0441\u0441\u0443\u043c.","robots":{"index":"index","follow":"follow","max-snippet":"max-snippet:-1","max-image-preview":"max-image-preview:large","max-video-preview":"max-video-preview:-1"},"canonical":"https:\/\/js-steuerberatung.at\/ru\/impressum\/","og_locale":"en_US","og_type":"article","og_title":"\u0418\u043c\u043f\u0440\u0435\u0441\u0441\u0443\u043c - \u041d\u0430\u043b\u043e\u0433\u043e\u0432\u044b\u0439 \u0421\u043e\u0432\u0435\u0442\u043d\u0438\u043a \u042e\u043b\u0438\u0443\u0441 \u0428\u043b\u043e\u0441\u043c\u0430\u043d","og_description":"\u0418\u043c\u043f\u0440\u0435\u0441\u0441\u0443\u043c.","og_url":"https:\/\/js-steuerberatung.at\/ru\/impressum\/","og_site_name":"\u041d\u0430\u043b\u043e\u0433\u043e\u0432\u044b\u0439 \u0421\u043e\u0432\u0435\u0442\u043d\u0438\u043a \u042e\u043b\u0438\u0443\u0441 \u0428\u043b\u043e\u0441\u043c\u0430\u043d","article_modified_time":"2022-07-14T14:38:02+00:00","twitter_card":"summary_large_image","twitter_misc":{"Est. reading time":"6 minutes"},"schema":{"@context":"https:\/\/schema.org","@graph":[{"@type":"WebPage","@id":"https:\/\/js-steuerberatung.at\/ru\/impressum\/","url":"https:\/\/js-steuerberatung.at\/ru\/impressum\/","name":"\u0418\u043c\u043f\u0440\u0435\u0441\u0441\u0443\u043c - \u041d\u0430\u043b\u043e\u0433\u043e\u0432\u044b\u0439 \u0421\u043e\u0432\u0435\u0442\u043d\u0438\u043a \u042e\u043b\u0438\u0443\u0441 \u0428\u043b\u043e\u0441\u043c\u0430\u043d","isPartOf":{"@id":"https:\/\/js-steuerberatung.at\/ru\/#website"},"datePublished":"2021-08-03T18:26:40+00:00","dateModified":"2022-07-14T14:38:02+00:00","description":"\u0418\u043c\u043f\u0440\u0435\u0441\u0441\u0443\u043c.","breadcrumb":{"@id":"https:\/\/js-steuerberatung.at\/ru\/impressum\/#breadcrumb"},"inLanguage":"en-US","potentialAction":[{"@type":"ReadAction","target":["https:\/\/js-steuerberatung.at\/ru\/impressum\/"]}]},{"@type":"BreadcrumbList","@id":"https:\/\/js-steuerberatung.at\/ru\/impressum\/#breadcrumb","itemListElement":[{"@type":"ListItem","position":1,"name":"Home","item":"https:\/\/js-steuerberatung.at\/ru\/"},{"@type":"ListItem","position":2,"name":"\u0418\u043c\u043f\u0440\u0435\u0441\u0441\u0443\u043c"}]},{"@type":"WebSite","@id":"https:\/\/js-steuerberatung.at\/ru\/#website","url":"https:\/\/js-steuerberatung.at\/ru\/","name":"\u041d\u0430\u043b\u043e\u0433\u043e\u0432\u044b\u0439 \u0421\u043e\u0432\u0435\u0442\u043d\u0438\u043a \u042e\u043b\u0438\u0443\u0441 \u0428\u043b\u043e\u0441\u043c\u0430\u043d","description":"Ihr Erfolg ist unsere Motivation","potentialAction":[{"@type":"SearchAction","target":{"@type":"EntryPoint","urlTemplate":"https:\/\/js-steuerberatung.at\/ru\/?s={search_term_string}"},"query-input":{"@type":"PropertyValueSpecification","valueRequired":true,"valueName":"search_term_string"}}],"inLanguage":"en-US"}]}},"_links":{"self":[{"href":"https:\/\/js-steuerberatung.at\/ru\/wp-json\/wp\/v2\/pages\/205","targetHints":{"allow":["GET"]}}],"collection":[{"href":"https:\/\/js-steuerberatung.at\/ru\/wp-json\/wp\/v2\/pages"}],"about":[{"href":"https:\/\/js-steuerberatung.at\/ru\/wp-json\/wp\/v2\/types\/page"}],"author":[{"embeddable":true,"href":"https:\/\/js-steuerberatung.at\/ru\/wp-json\/wp\/v2\/users\/2"}],"replies":[{"embeddable":true,"href":"https:\/\/js-steuerberatung.at\/ru\/wp-json\/wp\/v2\/comments?post=205"}],"version-history":[{"count":12,"href":"https:\/\/js-steuerberatung.at\/ru\/wp-json\/wp\/v2\/pages\/205\/revisions"}],"predecessor-version":[{"id":1569,"href":"https:\/\/js-steuerberatung.at\/ru\/wp-json\/wp\/v2\/pages\/205\/revisions\/1569"}],"wp:attachment":[{"href":"https:\/\/js-steuerberatung.at\/ru\/wp-json\/wp\/v2\/media?parent=205"}],"curies":[{"name":"wp","href":"https:\/\/api.w.org\/{rel}","templated":true}]}}